{"id":15,"date":"2025-11-29T07:37:19","date_gmt":"2025-11-29T07:37:19","guid":{"rendered":"https:\/\/dev-wp.mt-glas.de\/?page_id=15"},"modified":"2025-12-12T08:44:44","modified_gmt":"2025-12-12T08:44:44","slug":"uber-uns","status":"publish","type":"page","link":"https:\/\/mt-glas.de\/en\/uber-uns\/","title":{"rendered":"About us"},"content":{"rendered":"<div data-elementor-type=\"wp-page\" data-elementor-id=\"15\" class=\"elementor elementor-15\" data-elementor-post-type=\"page\">\n\t\t\t\t<div class=\"elementor-element elementor-element-044fedc e-flex e-con-boxed e-con e-parent\" data-id=\"044fedc\" data-element_type=\"container\" data-settings=\"{&quot;background_background&quot;:&quot;classic&quot;}\">\n\t\t\t\t\t<div class=\"e-con-inner\">\n\t\t\t\t\t<\/div>\n\t\t\t\t<\/div>\n\t\t<div class=\"elementor-element elementor-element-fe89e57 e-flex e-con-boxed e-con e-parent\" data-id=\"fe89e57\" data-element_type=\"container\">\n\t\t\t\t\t<div class=\"e-con-inner\">\n\t\t<div class=\"elementor-element elementor-element-cb08f01 e-con-full e-flex e-con e-child\" data-id=\"cb08f01\" data-element_type=\"container\">\n\t\t<div class=\"elementor-element elementor-element-01f1034 e-con-full e-flex e-con e-child\" data-id=\"01f1034\" data-element_type=\"container\">\n\t\t\t\t<div class=\"elementor-element elementor-element-1cc07fa elementor-widget elementor-widget-heading\" data-id=\"1cc07fa\" data-element_type=\"widget\" data-widget_type=\"heading.default\">\n\t\t\t\t\t<h2 class=\"elementor-heading-title elementor-size-default\">About the company<\/h2>\t\t\t\t<\/div>\n\t\t\t\t<div class=\"elementor-element elementor-element-396a5a4 elementor-widget elementor-widget-text-editor\" data-id=\"396a5a4\" data-element_type=\"widget\" data-widget_type=\"text-editor.default\">\n\t\t\t\t\t\t\t\t\t<p data-start=\"337\" data-end=\"664\">MT-Glas ist ein spezialisierter Hersteller von <strong data-start=\"384\" data-end=\"425\">hochwertigen Glas-Pellets und Nuggets<\/strong> f\u00fcr die professionelle Glasverarbeitung. Unser Fokus liegt auf <strong data-start=\"489\" data-end=\"561\">konstanter Qualit\u00e4t, hoher Reinheit und optimaler Schmelzperformance<\/strong> \u2013 entwickelt f\u00fcr die Anforderungen von Studio-Glasbl\u00e4sern, Glasmanufakturen und kreativen Werkst\u00e4tten.<\/p><p data-start=\"666\" data-end=\"978\">Unsere Produkte werden in <strong data-start=\"692\" data-end=\"707\">Deutschland<\/strong> hergestellt und basieren auf einem <strong data-start=\"743\" data-end=\"770\">boraxfreien Glasgemenge<\/strong>, das in unserer eigenen Schmelzanlage verarbeitet wird. Dadurch stellen wir sicher, dass jede Charge eine gleichbleibende Zusammensetzung, hohe Homogenit\u00e4t und zuverl\u00e4ssige Verarbeitungseigenschaften bietet.<\/p><p>Our glass pellets\/nuggets are specially designed for studio glassblowing and glass crafts. By melting a high-quality glass batch in our own melting unit, we can offer you high-quality glass pellets\/nuggets in System 96. Our pellets provide an excellent working range of glass and are compatible with all items such as System 96 colors.<\/p>\t\t\t\t\t\t\t\t<\/div>\n\t\t\t\t<\/div>\n\t\t<div class=\"elementor-element elementor-element-30db722 e-con-full e-grid e-con e-child\" data-id=\"30db722\" data-element_type=\"container\">\n\t\t\t\t<div class=\"elementor-element elementor-element-3b99026 elementor-view-default elementor-position-top elementor-mobile-position-top elementor-widget elementor-widget-icon-box\" data-id=\"3b99026\" data-element_type=\"widget\" data-widget_type=\"icon-box.default\">\n\t\t\t\t\t\t\t<div class=\"elementor-icon-box-wrapper\">\n\n\t\t\t\t\t\t<div class=\"elementor-icon-box-icon\">\n\t\t\t\t<span  class=\"elementor-icon\">\n\t\t\t\t<svg class=\"ekit-svg-icon icon-growth\" viewbox=\"0 0 32 32\" xmlns=\"http:\/\/www.w3.org\/2000\/svg\"><path d=\"M16.631 15.219h-5.137c-0.387 0-0.65 0.325-0.65 0.65v15.187c0 0.394 0.325 0.65 0.65 0.65h5.137c0.325 0 0.65-0.262 0.65-0.65v-15.188c0-0.387-0.325-0.65-0.65-0.65zM15.981 30.406h-3.838v-13.881h3.838v13.881zM6.481 17.438h-5.138c-0.387 0-0.65 0.325-0.65 0.65v12.975c0 0.394 0.325 0.65 0.65 0.65h5.138c0.325 0 0.65-0.262 0.65-0.65v-12.975c0-0.394-0.325-0.65-0.65-0.65zM5.831 30.406h-3.837v-11.669h3.837v11.669zM31.2 10.262l-6.438-8.931c-0.262-0.325-0.781-0.325-1.038 0l-6.438 8.931c-0.262 0.369-0.163 0.975 0.519 0.975h3.188v19.819c0 0.394 0.325 0.65 0.65 0.65h5.137c0.325 0 0.65-0.262 0.712-0.65v-19.813h3.188c0.637 0 0.775-0.65 0.519-0.981zM26.775 9.938c-0.387 0-0.65 0.325-0.65 0.65v19.819h-3.9v-19.819c0-0.394-0.325-0.65-0.65-0.65h-2.6l5.2-7.169 5.2 7.169h-2.6z\"><\/path><\/svg>\t\t\t\t<\/span>\n\t\t\t<\/div>\n\t\t\t\n\t\t\t\t\t\t<div class=\"elementor-icon-box-content\">\n\n\t\t\t\t\t\t\t\t\t<h3 class=\"elementor-icon-box-title\">\n\t\t\t\t\t\t<span  >\n\t\t\t\t\t\t\tConsistent melting quality\t\t\t\t\t\t<\/span>\n\t\t\t\t\t<\/h3>\n\t\t\t\t\n\t\t\t\t\n\t\t\t<\/div>\n\t\t\t\n\t\t<\/div>\n\t\t\t\t\t\t<\/div>\n\t\t\t\t<div class=\"elementor-element elementor-element-139d863 elementor-view-default elementor-position-top elementor-mobile-position-top elementor-widget elementor-widget-icon-box\" data-id=\"139d863\" data-element_type=\"widget\" data-widget_type=\"icon-box.default\">\n\t\t\t\t\t\t\t<div class=\"elementor-icon-box-wrapper\">\n\n\t\t\t\t\t\t<div class=\"elementor-icon-box-icon\">\n\t\t\t\t<span  class=\"elementor-icon\">\n\t\t\t\t<svg class=\"ekit-svg-icon icon-line-chart1\" viewbox=\"0 0 32 32\" xmlns=\"http:\/\/www.w3.org\/2000\/svg\"><path d=\"M28.602 8.818c-1.873 0-3.398 1.524-3.398 3.398 0 0.683 0.203 1.32 0.552 1.853l-3.671 3.671c-0.533-0.349-1.17-0.552-1.853-0.552-0.708 0-1.366 0.218-1.911 0.59l-3.709-3.709c0.348-0.533 0.552-1.17 0.552-1.853 0-1.873-1.524-3.398-3.398-3.398s-3.398 1.524-3.398 3.398c0 0.683 0.203 1.319 0.552 1.853l-3.671 3.671c-0.533-0.348-1.169-0.552-1.853-0.552-1.873 0-3.398 1.524-3.398 3.398s1.524 3.398 3.398 3.398c1.873 0 3.398-1.524 3.398-3.398 0-0.683-0.203-1.32-0.552-1.853l3.671-3.671c0.533 0.348 1.17 0.552 1.853 0.552s1.32-0.203 1.853-0.552l3.729 3.73c-0.325 0.521-0.514 1.136-0.514 1.794 0 1.873 1.524 3.398 3.398 3.398s3.398-1.524 3.398-3.398c0-0.683-0.203-1.319-0.552-1.853l3.671-3.671c0.533 0.348 1.169 0.552 1.853 0.552 1.873 0 3.398-1.524 3.398-3.398s-1.524-3.398-3.398-3.398zM3.398 22.578c-1.099 0-1.993-0.894-1.993-1.993s0.894-1.993 1.993-1.993c1.099 0 1.993 0.894 1.993 1.993s-0.894 1.993-1.993 1.993zM11.767 14.208c-1.099 0-1.993-0.894-1.993-1.993s0.894-1.993 1.993-1.993 1.993 0.894 1.993 1.993c0 1.099-0.894 1.993-1.993 1.993zM20.233 22.578c-1.099 0-1.993-0.894-1.993-1.993s0.894-1.993 1.993-1.993c1.099 0 1.993 0.894 1.993 1.993s-0.894 1.993-1.993 1.993zM28.602 14.208c-1.099 0-1.993-0.894-1.993-1.993s0.894-1.993 1.993-1.993c1.099 0 1.993 0.894 1.993 1.993s-0.894 1.993-1.993 1.993zM11.048 17.445c-0.274-0.274-0.719-0.274-0.993 0l-1.428 1.428c-0.274 0.274-0.274 0.719 0 0.993 0.137 0.137 0.317 0.206 0.496 0.206s0.359-0.069 0.496-0.206l1.428-1.428c0.274-0.274 0.274-0.719 0-0.993zM23.373 12.959c-0.274-0.274-0.719-0.274-0.993 0l-1.428 1.428c-0.274 0.274-0.274 0.719 0 0.993 0.137 0.137 0.317 0.206 0.497 0.206s0.359-0.069 0.497-0.206l1.428-1.428c0.274-0.274 0.274-0.719 0-0.993z\"><\/path><\/svg>\t\t\t\t<\/span>\n\t\t\t<\/div>\n\t\t\t\n\t\t\t\t\t\t<div class=\"elementor-icon-box-content\">\n\n\t\t\t\t\t\t\t\t\t<h3 class=\"elementor-icon-box-title\">\n\t\t\t\t\t\t<span  >\n\t\t\t\t\t\t\tEnergy-efficient pellets\t\t\t\t\t\t<\/span>\n\t\t\t\t\t<\/h3>\n\t\t\t\t\n\t\t\t\t\n\t\t\t<\/div>\n\t\t\t\n\t\t<\/div>\n\t\t\t\t\t\t<\/div>\n\t\t\t\t<div class=\"elementor-element elementor-element-8b9ba94 elementor-view-default elementor-position-top elementor-mobile-position-top elementor-widget elementor-widget-icon-box\" data-id=\"8b9ba94\" data-element_type=\"widget\" data-widget_type=\"icon-box.default\">\n\t\t\t\t\t\t\t<div class=\"elementor-icon-box-wrapper\">\n\n\t\t\t\t\t\t<div class=\"elementor-icon-box-icon\">\n\t\t\t\t<span  class=\"elementor-icon\">\n\t\t\t\t<i aria-hidden=\"true\" class=\"lnr lnr-thumbs-up\"><\/i>\t\t\t\t<\/span>\n\t\t\t<\/div>\n\t\t\t\n\t\t\t\t\t\t<div class=\"elementor-icon-box-content\">\n\n\t\t\t\t\t\t\t\t\t<h3 class=\"elementor-icon-box-title\">\n\t\t\t\t\t\t<span  >\n\t\t\t\t\t\t\tHigh purity &amp; clarity\t\t\t\t\t\t<\/span>\n\t\t\t\t\t<\/h3>\n\t\t\t\t\n\t\t\t\t\n\t\t\t<\/div>\n\t\t\t\n\t\t<\/div>\n\t\t\t\t\t\t<\/div>\n\t\t\t\t<div class=\"elementor-element elementor-element-2f53c96 elementor-view-default elementor-position-top elementor-mobile-position-top elementor-widget elementor-widget-icon-box\" data-id=\"2f53c96\" data-element_type=\"widget\" data-widget_type=\"icon-box.default\">\n\t\t\t\t\t\t\t<div class=\"elementor-icon-box-wrapper\">\n\n\t\t\t\t\t\t<div class=\"elementor-icon-box-icon\">\n\t\t\t\t<span  class=\"elementor-icon\">\n\t\t\t\t<svg class=\"ekit-svg-icon icon-truck-2\" viewbox=\"0 0 32 32\" xmlns=\"http:\/\/www.w3.org\/2000\/svg\"><path d=\"M25.056 5.65h-5.669v-3h-16.944c-0.975 0-1.756 0.781-1.756 1.763v18.894c0 0.975 0.781 1.756 1.756 1.756h2.037c-0.056 0.275-0.081 0.556-0.081 0.85 0 2.344 1.888 4.238 4.237 4.238 2.344 0 4.3-1.956 4.237-4.238 0-0.269-0.025-0.531-0.075-0.781h7.769c-0.050 0.256-0.075 0.512-0.075 0.781 0 2.344 1.887 4.238 4.238 4.238s4.238-1.956 4.238-4.238c0-0.269-0.025-0.531-0.075-0.781h0.656c0.975 0 1.756-0.85 1.756-1.825v-8.6l-6.25-9.056zM24.406 6.888l5.081 7.362h-10.031v-7.362h4.95zM8.637 28.844c-1.631 0-3-1.369-3-3s1.369-3 3-3c1.694 0 3 1.369 3 3-0.006 1.631-1.369 3-3 3zM12.325 23.831c-0.725-1.288-2.1-2.15-3.688-2.15-1.563 0-2.919 0.837-3.65 2.087h-2.544c-0.263 0-0.456-0.194-0.456-0.456v-18.9c0-0.263 0.194-0.456 0.456-0.456h15.706v19.875h-5.825zM24.731 28.844c-1.631 0-3-1.369-3-3s1.369-3 3-3 3 1.369 3 3c0 1.631-1.369 3-3 3zM29.556 23.831h-1.131c-0.725-1.288-2.1-2.15-3.688-2.15s-2.962 0.863-3.688 2.15h-1.587v-8.281h10.619v7.756c-0.006 0.262-0.269 0.525-0.525 0.525zM4.013 13.012h12.050v-5.15h-12.050v5.15zM5.313 9.169h9.512v2.606h-9.512v-2.606z\"><\/path><\/svg>\t\t\t\t<\/span>\n\t\t\t<\/div>\n\t\t\t\n\t\t\t\t\t\t<div class=\"elementor-icon-box-content\">\n\n\t\t\t\t\t\t\t\t\t<h3 class=\"elementor-icon-box-title\">\n\t\t\t\t\t\t<span  >\n\t\t\t\t\t\t\tFast delivery\t\t\t\t\t\t<\/span>\n\t\t\t\t\t<\/h3>\n\t\t\t\t\n\t\t\t\t\n\t\t\t<\/div>\n\t\t\t\n\t\t<\/div>\n\t\t\t\t\t\t<\/div>\n\t\t\t\t<\/div>\n\t\t\t\t<\/div>\n\t\t\t\t\t<\/div>\n\t\t\t\t<\/div>\n\t\t\t\t<\/div>","protected":false},"excerpt":{"rendered":"<p>\u00dcber das Unternehmen MT-Glas ist ein spezialisierter Hersteller von hochwertigen Glas-Pellets und Nuggets f\u00fcr die professionelle Glasverarbeitung. Unser Fokus liegt [&hellip;]<\/p>","protected":false},"author":2,"featured_media":0,"parent":0,"menu_order":0,"comment_status":"closed","ping_status":"closed","template":"","meta":{"site-sidebar-layout":"no-sidebar","site-content-layout":"","ast-site-content-layout":"full-width-container","site-content-style":"default","site-sidebar-style":"default","ast-global-header-display":"","ast-banner-title-visibility":"","ast-main-header-display":"","ast-hfb-above-header-display":"","ast-hfb-below-header-display":"","ast-hfb-mobile-header-display":"","site-post-title":"disabled","ast-breadcrumbs-content":"","ast-featured-img":"disabled","footer-sml-layout":"","theme-transparent-header-meta":"default","adv-header-id-meta":"","stick-header-meta":"","header-above-stick-meta":"","header-main-stick-meta":"","header-below-stick-meta":"","astra-migrate-meta-layouts":"set","ast-page-background-enabled":"default","ast-page-background-meta":{"desktop":{"background-color":"var(--ast-global-color-5)","background-image":"","background-repeat":"repeat","background-position":"center center","background-size":"auto","background-attachment":"scroll","background-type":"","background-media":"","overlay-type":"","overlay-color":"","overlay-opacity":"","overlay-gradient":""},"tablet":{"background-color":"","background-image":"","background-repeat":"repeat","background-position":"center center","background-size":"auto","background-attachment":"scroll","background-type":"","background-media":"","overlay-type":"","overlay-color":"","overlay-opacity":"","overlay-gradient":""},"mobile":{"background-color":"","background-image":"","background-repeat":"repeat","background-position":"center center","background-size":"auto","background-attachment":"scroll","background-type":"","background-media":"","overlay-type":"","overlay-color":"","overlay-opacity":"","overlay-gradient":""}},"ast-content-background-meta":{"desktop":{"background-color":"var(--ast-global-color-4)","background-image":"","background-repeat":"repeat","background-position":"center center","background-size":"auto","background-attachment":"scroll","background-type":"","background-media":"","overlay-type":"","overlay-color":"","overlay-opacity":"","overlay-gradient":""},"tablet":{"background-color":"var(--ast-global-color-4)","background-image":"","background-repeat":"repeat","background-position":"center center","background-size":"auto","background-attachment":"scroll","background-type":"","background-media":"","overlay-type":"","overlay-color":"","overlay-opacity":"","overlay-gradient":""},"mobile":{"background-color":"var(--ast-global-color-4)","background-image":"","background-repeat":"repeat","background-position":"center center","background-size":"auto","background-attachment":"scroll","background-type":"","background-media":"","overlay-type":"","overlay-color":"","overlay-opacity":"","overlay-gradient":""}},"slim_seo":{"title":"\u00dcber uns - Hochwertige Glas-Pellets f\u00fcr professionelle Glasproduktion","description":"\u00dcber das Unternehmen MT-Glas ist ein spezialisierter Hersteller von hochwertigen Glas-Pellets und Nuggets f\u00fcr die professionelle Glasverarbeitung. Unser Fokus l"},"footnotes":""},"class_list":["post-15","page","type-page","status-publish","hentry"],"_links":{"self":[{"href":"https:\/\/mt-glas.de\/en\/wp-json\/wp\/v2\/pages\/15","targetHints":{"allow":["GET"]}}],"collection":[{"href":"https:\/\/mt-glas.de\/en\/wp-json\/wp\/v2\/pages"}],"about":[{"href":"https:\/\/mt-glas.de\/en\/wp-json\/wp\/v2\/types\/page"}],"author":[{"embeddable":true,"href":"https:\/\/mt-glas.de\/en\/wp-json\/wp\/v2\/users\/2"}],"replies":[{"embeddable":true,"href":"https:\/\/mt-glas.de\/en\/wp-json\/wp\/v2\/comments?post=15"}],"version-history":[{"count":43,"href":"https:\/\/mt-glas.de\/en\/wp-json\/wp\/v2\/pages\/15\/revisions"}],"predecessor-version":[{"id":621,"href":"https:\/\/mt-glas.de\/en\/wp-json\/wp\/v2\/pages\/15\/revisions\/621"}],"wp:attachment":[{"href":"https:\/\/mt-glas.de\/en\/wp-json\/wp\/v2\/media?parent=15"}],"curies":[{"name":"wp","href":"https:\/\/api.w.org\/{rel}","templated":true}]}}