{"id":468,"date":"2025-12-11T09:36:32","date_gmt":"2025-12-11T09:36:32","guid":{"rendered":"https:\/\/dev-wp.mt-glas.de\/?page_id=468"},"modified":"2025-12-12T10:21:47","modified_gmt":"2025-12-12T10:21:47","slug":"impressum","status":"publish","type":"page","link":"https:\/\/mt-glas.de\/en\/impressum\/","title":{"rendered":"ImpressumNEU"},"content":{"rendered":"<div data-elementor-type=\"wp-page\" data-elementor-id=\"468\" class=\"elementor elementor-468\" data-elementor-post-type=\"page\">\n\t\t\t\t<div class=\"elementor-element elementor-element-0fdc1de e-flex e-con-boxed e-con e-parent\" data-id=\"0fdc1de\" data-element_type=\"container\" data-settings=\"{&quot;background_background&quot;:&quot;classic&quot;}\">\n\t\t\t\t\t<div class=\"e-con-inner\">\n\t\t\t\t<div class=\"elementor-element elementor-element-fe374c6 elementor-widget elementor-widget-heading\" data-id=\"fe374c6\" data-element_type=\"widget\" data-widget_type=\"heading.default\">\n\t\t\t\t\t<h2 class=\"elementor-heading-title elementor-size-default\">Imprint<\/h2>\t\t\t\t<\/div>\n\t\t\t\t\t<\/div>\n\t\t\t\t<\/div>\n\t\t<div class=\"elementor-element elementor-element-2b4e9c5 e-flex e-con-boxed e-con e-parent\" data-id=\"2b4e9c5\" data-element_type=\"container\">\n\t\t\t\t\t<div class=\"e-con-inner\">\n\t\t\t\t<div class=\"elementor-element elementor-element-1c16889 elementor-widget elementor-widget-text-editor\" data-id=\"1c16889\" data-element_type=\"widget\" data-widget_type=\"text-editor.default\">\n\t\t\t\t\t\t\t\t\t<h1>Imprint<\/h1>\n<p>MT-Glas GmbH<br>Stra\u00dfe der Einheit 6<br>02943 Wei\u00dfwasser<\/p>\n<p>Handelsregister: HRB 44285<br>Registergericht: Amtsgericht Dresden<\/p>\n<p><strong>Vertreten durch:<\/strong><br>Manfred Tomforde<\/p>\n<h2>Contact us<\/h2>\n<p>Telefon: (+49) 175 \/ 451 64 29<br>E-Mail: info@mt-glas.de<\/p>\n<h2>Umsatzsteuer-ID<\/h2>\n<p>Umsatzsteuer-Identifikationsnummer gem\u00e4\u00df \u00a7 27 a Umsatzsteuergesetz:<br>Auf Anfrage<\/p>\n<h2>Redaktionell verantwortlich<\/h2>\n<p>Manfred Tomforde<\/p>\n<h2>EU-Streitschlichtung<\/h2>\n<p>Die Europ\u00e4ische Kommission stellt eine Plattform zur Online-Streitbeilegung (OS) bereit:&nbsp;<a href=\"https:\/\/ec.europa.eu\/consumers\/odr\/\" target=\"_blank\" rel=\"noopener noreferrer\">https:\/\/ec.europa.eu\/consumers\/odr\/<\/a>.<br>Unsere E-Mail-Adresse finden Sie oben im Impressum.<\/p>\n<h2>Verbraucher\u00adstreit\u00adbeilegung\/Universal\u00adschlichtungs\u00adstelle<\/h2>\n<p>Wir sind nicht bereit oder verpflichtet, an Streitbeilegungsverfahren vor einer Verbraucherschlichtungsstelle teilzunehmen.<\/p>\n<h2>Zentrale Kontaktstelle nach dem Digital Services Act &#8211; DSA (Verordnung (EU) 2022\/265)<\/h2>\n<p>Unsere zentrale Kontaktstelle f\u00fcr Nutzer und Beh\u00f6rden nach Art. 11, 12 DSA erreichen Sie wie folgt:<\/p>\n<p>E-Mail: info@mt-glas.de<br>Telefon: (+49)&nbsp;<span style=\"font-size: 1rem;\">175 \/ 451 64 29<\/span><\/p>\n<p>Sonstige Kontaktwege:<br>Postadresse:<\/p>\n<p>MT-Glas GmbH<br>Stra\u00dfe der Einheit 6<br>02943 Wei\u00dfwasser<\/p>\n<p>Die f\u00fcr den Kontakt zur Verf\u00fcgung stehenden Sprachen sind: Deutsch, Englisch.<\/p>\t\t\t\t\t\t\t\t<\/div>\n\t\t\t\t\t<\/div>\n\t\t\t\t<\/div>\n\t\t\t\t<\/div>","protected":false},"excerpt":{"rendered":"<p>Impressum Impressum MT-Glas GmbHStra\u00dfe der Einheit 602943 Wei\u00dfwasser Handelsregister: HRB 44285Registergericht: Amtsgericht Dresden Vertreten durch:Manfred Tomforde Kontakt Telefon: (+49) 175 [&hellip;]<\/p>","protected":false},"author":2,"featured_media":0,"parent":0,"menu_order":0,"comment_status":"closed","ping_status":"closed","template":"","meta":{"site-sidebar-layout":"no-sidebar","site-content-layout":"","ast-site-content-layout":"full-width-container","site-content-style":"default","site-sidebar-style":"default","ast-global-header-display":"","ast-banner-title-visibility":"","ast-main-header-display":"","ast-hfb-above-header-display":"","ast-hfb-below-header-display":"","ast-hfb-mobile-header-display":"","site-post-title":"disabled","ast-breadcrumbs-content":"","ast-featured-img":"disabled","footer-sml-layout":"","theme-transparent-header-meta":"default","adv-header-id-meta":"","stick-header-meta":"","header-above-stick-meta":"","header-main-stick-meta":"","header-below-stick-meta":"","astra-migrate-meta-layouts":"set","ast-page-background-enabled":"default","ast-page-background-meta":{"desktop":{"background-color":"var(--ast-global-color-5)","background-image":"","background-repeat":"repeat","background-position":"center center","background-size":"auto","background-attachment":"scroll","background-type":"","background-media":"","overlay-type":"","overlay-color":"","overlay-opacity":"","overlay-gradient":""},"tablet":{"background-color":"","background-image":"","background-repeat":"repeat","background-position":"center center","background-size":"auto","background-attachment":"scroll","background-type":"","background-media":"","overlay-type":"","overlay-color":"","overlay-opacity":"","overlay-gradient":""},"mobile":{"background-color":"","background-image":"","background-repeat":"repeat","background-position":"center center","background-size":"auto","background-attachment":"scroll","background-type":"","background-media":"","overlay-type":"","overlay-color":"","overlay-opacity":"","overlay-gradient":""}},"ast-content-background-meta":{"desktop":{"background-color":"var(--ast-global-color-4)","background-image":"","background-repeat":"repeat","background-position":"center center","background-size":"auto","background-attachment":"scroll","background-type":"","background-media":"","overlay-type":"","overlay-color":"","overlay-opacity":"","overlay-gradient":""},"tablet":{"background-color":"var(--ast-global-color-4)","background-image":"","background-repeat":"repeat","background-position":"center center","background-size":"auto","background-attachment":"scroll","background-type":"","background-media":"","overlay-type":"","overlay-color":"","overlay-opacity":"","overlay-gradient":""},"mobile":{"background-color":"var(--ast-global-color-4)","background-image":"","background-repeat":"repeat","background-position":"center center","background-size":"auto","background-attachment":"scroll","background-type":"","background-media":"","overlay-type":"","overlay-color":"","overlay-opacity":"","overlay-gradient":""}},"slim_seo":{"title":"ImpressumNEU - Hochwertige Glas-Pellets f\u00fcr professionelle Glasproduktion","description":"Impressum Impressum MT-Glas GmbH Stra\u00dfe der Einheit 6 02943 Wei\u00dfwasser Handelsregister: HRB 44285 Registergericht: Amtsgericht Dresden Vertreten durch: Manfred"},"footnotes":""},"class_list":["post-468","page","type-page","status-publish","hentry"],"_links":{"self":[{"href":"https:\/\/mt-glas.de\/en\/wp-json\/wp\/v2\/pages\/468","targetHints":{"allow":["GET"]}}],"collection":[{"href":"https:\/\/mt-glas.de\/en\/wp-json\/wp\/v2\/pages"}],"about":[{"href":"https:\/\/mt-glas.de\/en\/wp-json\/wp\/v2\/types\/page"}],"author":[{"embeddable":true,"href":"https:\/\/mt-glas.de\/en\/wp-json\/wp\/v2\/users\/2"}],"replies":[{"embeddable":true,"href":"https:\/\/mt-glas.de\/en\/wp-json\/wp\/v2\/comments?post=468"}],"version-history":[{"count":11,"href":"https:\/\/mt-glas.de\/en\/wp-json\/wp\/v2\/pages\/468\/revisions"}],"predecessor-version":[{"id":632,"href":"https:\/\/mt-glas.de\/en\/wp-json\/wp\/v2\/pages\/468\/revisions\/632"}],"wp:attachment":[{"href":"https:\/\/mt-glas.de\/en\/wp-json\/wp\/v2\/media?parent=468"}],"curies":[{"name":"wp","href":"https:\/\/api.w.org\/{rel}","templated":true}]}}